{"id":1919,"date":"2024-08-08T15:50:11","date_gmt":"2024-08-08T15:50:11","guid":{"rendered":"https:\/\/vetopet.be\/?page_id=1919"},"modified":"2025-05-27T08:55:56","modified_gmt":"2025-05-27T08:55:56","slug":"appointment","status":"publish","type":"page","link":"https:\/\/vetopet.be\/en\/appointment\/","title":{"rendered":"Appointment"},"content":{"rendered":"\t\t<div data-elementor-type=\"wp-page\" data-elementor-id=\"1919\" class=\"elementor elementor-1919\" data-elementor-post-type=\"page\">\n\t\t\t\t<div class=\"elementor-element elementor-element-1f95b5e e-flex e-con-boxed e-con e-parent\" data-id=\"1f95b5e\" data-element_type=\"container\" data-e-type=\"container\" data-settings=\"{&quot;background_background&quot;:&quot;classic&quot;}\">\n\t\t\t\t\t<div class=\"e-con-inner\">\n\t\t<div class=\"elementor-element elementor-element-8cb54fe e-flex e-con-boxed e-con e-child\" data-id=\"8cb54fe\" data-element_type=\"container\" data-e-type=\"container\">\n\t\t\t\t\t<div class=\"e-con-inner\">\n\t\t\t\t<div class=\"elementor-element elementor-element-c4ef1ea elementor-invisible elementor-widget elementor-widget-heading\" data-id=\"c4ef1ea\" data-element_type=\"widget\" data-e-type=\"widget\" data-settings=\"{&quot;_animation&quot;:&quot;fadeInUp&quot;}\" data-widget_type=\"heading.default\">\n\t\t\t\t<div class=\"elementor-widget-container\">\n\t\t\t\t\t<h1 class=\"elementor-heading-title elementor-size-default\">RDV<\/h1>\t\t\t\t<\/div>\n\t\t\t\t<\/div>\n\t\t\t\t\t<\/div>\n\t\t\t\t<\/div>\n\t\t\t\t\t<\/div>\n\t\t\t\t<\/div>\n\t\t<div class=\"elementor-element elementor-element-8e92a02 e-flex e-con-boxed e-con e-parent\" data-id=\"8e92a02\" data-element_type=\"container\" data-e-type=\"container\" data-settings=\"{&quot;background_background&quot;:&quot;gradient&quot;,&quot;shape_divider_top&quot;:&quot;waves&quot;,&quot;shape_divider_top_negative&quot;:&quot;yes&quot;}\">\n\t\t\t\t\t<div class=\"e-con-inner\">\n\t\t\t\t<div class=\"elementor-shape elementor-shape-top\" aria-hidden=\"true\" data-negative=\"true\">\n\t\t\t<svg xmlns=\"http:\/\/www.w3.org\/2000\/svg\" viewBox=\"0 0 1000 100\" preserveAspectRatio=\"none\">\n\t<path class=\"elementor-shape-fill\" d=\"M790.5,93.1c-59.3-5.3-116.8-18-192.6-50c-29.6-12.7-76.9-31-100.5-35.9c-23.6-4.9-52.6-7.8-75.5-5.3\n\tc-10.2,1.1-22.6,1.4-50.1,7.4c-27.2,6.3-58.2,16.6-79.4,24.7c-41.3,15.9-94.9,21.9-134,22.6C72,58.2,0,25.8,0,25.8V100h1000V65.3\n\tc0,0-51.5,19.4-106.2,25.7C839.5,97,814.1,95.2,790.5,93.1z\"\/>\n<\/svg>\t\t<\/div>\n\t\t<div class=\"elementor-element elementor-element-d812950 e-flex e-con-boxed e-con e-child\" data-id=\"d812950\" data-element_type=\"container\" data-e-type=\"container\">\n\t\t\t\t\t<div class=\"e-con-inner\">\n\t\t\t\t<div class=\"elementor-element elementor-element-eff5983 elementor-widget elementor-widget-jet-engine-booking-form\" data-id=\"eff5983\" data-element_type=\"widget\" data-e-type=\"widget\" data-widget_type=\"jet-engine-booking-form.default\">\n\t\t\t\t<div class=\"elementor-widget-container\">\n\t\t\t\t\t<form  class=\"jet-form layout-column submit-type-ajax\" action=\"\/en\/wp-json\/wp\/v2\/pages\/1919?jet_engine_action=book&#038;nocache=1778160018\" method=\"POST\" data-form-id=\"1917\"><input class=\"jet-form__field hidden-field\" type=\"hidden\" name=\"_jet_engine_booking_service_id\" value=\"1919\" data-field-name=\"_jet_engine_booking_service_id\"><input class=\"jet-form__field hidden-field\" type=\"hidden\" name=\"_jet_engine_booking_form_id\" value=\"1917\" data-field-name=\"_jet_engine_booking_form_id\"><input class=\"jet-form__field hidden-field\" type=\"hidden\" name=\"_jet_engine_refer\" value=\"https:\/\/vetopet.be\/en\/wp-json\/wp\/v2\/pages\/1919\" data-field-name=\"_jet_engine_refer\"><div class=\"jet-form-page \" data-page=\"1\"><div  class=\"jet-form-row jet-form-row--first-visible\"><div class=\"jet-form-col jet-form-col-12  field-type-heading  jet-form-field-container\" data-field=\"heading\" data-conditional=\"false\"><div class=\"jet-form__heading\">\n\t<span class=\"jet-form__label-text\" >Choisissez la date et l'heure<\/span>\n\t<\/div><\/div><\/div><div  class=\"jet-form-row\"><div class=\"jet-form-col jet-form-col-12  field-type-appointment_date  jet-form-field-container\" data-field=\"appointment_date\" data-conditional=\"false\"><div class=\"jet-apb-calendar-wrapper\">\n\t<div class=\"appointment-calendar jet-apb-calendar\" data-args=\"{&quot;booking_type&quot;:&quot;slot&quot;,&quot;excludedDates&quot;:[{&quot;start&quot;:1774915200,&quot;end&quot;:1775001600},{&quot;start&quot;:1749081600,&quot;end&quot;:1749772800}],&quot;worksDates&quot;:[],&quot;availableWeekDays&quot;:[&quot;monday&quot;,&quot;tuesday&quot;,&quot;wednesday&quot;,&quot;thursday&quot;,&quot;friday&quot;,&quot;saturday&quot;,&quot;sunday&quot;],&quot;service&quot;:{&quot;id&quot;:1919},&quot;providerIsset&quot;:false,&quot;provider&quot;:false,&quot;inputName&quot;:&quot;appointment_date&quot;,&quot;isRequired&quot;:true,&quot;allowedServices&quot;:false}\"><\/div>\n\n\t\t<div class=\"jet-apb-calendar-appointments-list-wrapper\" style=\"display: none\">\n\t\t<div class=\"jet-form__heading\">\n\t\t\t<span class=\"jet-form__label-text\">Appointment details:<\/span>\n\t\t<\/div>\n\t\t<div class=\"jet-apb-calendar-appointments-list\"><\/div>\n\t<\/div>\n\t<div class=\"jet-apb-calendar-notification\" style=\"display: none\">\n\t\t<div class=\"jet-apb-calendar-notification-service\">Please, select the service first.<\/div>\n\t\t<div class=\"jet-apb-calendar-notification-provider\">Please, select the provider first.<\/div>\n\t\t<div class=\"jet-apb-calendar-notification-service-field\">Please set service field for current calendar<\/div>\n\t\t<div class=\"jet-apb-calendar-notification-max-slots\">Sorry. You have the max number of appointments.<\/div>\n\t<\/div>\n<\/div>\n<\/div><\/div><div  class=\"jet-form-row jet-form-row--page-break\"><div class=\"jet-form-col jet-form-col-12  field-type-page_break  jet-form-field-container\" data-field=\"page_break\" data-conditional=\"false\"><div class=\"jet-form__next-page-wrap\">\n\t\t\t\t<button class=\"jet-form__next-page\" type=\"button\">Suivante<\/button>\n\t<\/div>\n<\/div><\/div><\/div><div class=\"jet-form-page jet-form-page--hidden\" data-page=\"2\"><div  class=\"jet-form-row\"><div class=\"jet-form-col jet-form-col-12  field-type-heading  jet-form-field-container\" data-field=\"heading\" data-conditional=\"false\"><div class=\"jet-form__heading\">\n\t<span class=\"jet-form__label-text\" >Remplissez vos coordonn\u00e9es<\/span>\n\t<button type=\"button\" class=\"jet-form__prev-page\" data-to-page=\"0\">&larr;Retour<\/button><\/div><\/div><\/div><div  class=\"jet-form-row\"><div class=\"jet-form-col jet-form-col-12  field-type-text  jet-form-field-container\" data-field=\"name\" data-conditional=\"false\"><div class=\"jet-form__label\">\n\t<span class=\"jet-form__label-text\" >Nom et pr\u00e9nom<span class=\"jet-form__required\">*<\/span><\/span>\n\t<\/div><input class=\"jet-form__field text-field \" value=\"\" required=\"required\" name=\"name\" id=\"name\" type=\"text\" data-field-name=\"name\"><\/div><\/div><div  class=\"jet-form-row\"><div class=\"jet-form-col jet-form-col-6  field-type-text  jet-form-field-container\" data-field=\"user_email\" data-conditional=\"false\"><div class=\"jet-form__label\">\n\t<span class=\"jet-form__label-text\" >E-mail<span class=\"jet-form__required\">*<\/span><\/span>\n\t<\/div><input class=\"jet-form__field text-field \" value=\"\" required=\"required\" name=\"user_email\" id=\"user_email\" type=\"email\" data-field-name=\"user_email\"><\/div><div class=\"jet-form-col jet-form-col-6  field-type-number  jet-form-field-container\" data-field=\"phone\" data-conditional=\"false\"><div class=\"jet-form__label\">\n\t<span class=\"jet-form__label-text\" >T\u00e9l\u00e9phone<span class=\"jet-form__required\">*<\/span><\/span>\n\t<\/div><input type=\"number\" class=\"jet-form__field text-field\" value=\"\" required=\"required\" step=\"1\" name=\"phone\" data-field-name=\"phone\" id=\"phone\"><\/div><\/div><div  class=\"jet-form-row\"><div class=\"jet-form-col jet-form-col-9  field-type-text  jet-form-field-container\" data-field=\"adresse\" data-conditional=\"false\"><div class=\"jet-form__label\">\n\t<span class=\"jet-form__label-text\" >Adresse<span class=\"jet-form__required\">*<\/span><\/span>\n\t<\/div><input class=\"jet-form__field text-field \" value=\"\" required=\"required\" name=\"adresse\" id=\"adresse\" type=\"text\" data-field-name=\"adresse\"><\/div><div class=\"jet-form-col jet-form-col-3  field-type-number  jet-form-field-container\" data-field=\"Postal Code\" data-conditional=\"false\"><div class=\"jet-form__label\">\n\t<span class=\"jet-form__label-text\" >Postal Code<span class=\"jet-form__required\">*<\/span><\/span>\n\t<\/div><input type=\"number\" class=\"jet-form__field text-field\" value=\"\" required=\"required\" step=\"1\" name=\"Postal Code\" data-field-name=\"Postal Code\" id=\"Postal Code\"><\/div><\/div><div  class=\"jet-form-row\"><div class=\"jet-form-col jet-form-col-6  field-type-number  jet-form-field-container\" data-field=\"number_of_animale\" data-conditional=\"false\"><div class=\"jet-form__label\">\n\t<span class=\"jet-form__label-text\" >Nombre d'animaux<span class=\"jet-form__required\">*<\/span><\/span>\n\t<\/div><input type=\"number\" class=\"jet-form__field text-field\" value=\"1\" required=\"required\" step=\"1\" name=\"number_of_animale\" data-field-name=\"number_of_animale\" id=\"number_of_animale\"><\/div><\/div><div  class=\"jet-form-row\"><div class=\"jet-form-col jet-form-col-12  field-type-repeater_start  jet-form-field-container\" data-field=\"repeter\" data-conditional=\"false\"><div class=\"jet-form__label\">\n\t<span class=\"jet-form__label-text\" >Liste des animaux<\/span>\n\t<\/div><div class=\"jet-form-repeater\" data-repeater=\"1\" data-field-name=\"repeter\" name=\"repeter\" data-settings=\"{&quot;manageItems&quot;:&quot;dynamically&quot;,&quot;itemsField&quot;:&quot;number_of_animale&quot;,&quot;calcType&quot;:&quot;default&quot;}\"><template class=\"jet-form-repeater__initial\"><div class=\"jet-form-repeater__row\" data-repeater-row=\"1\" data-index=\"0\"><div class=\"jet-form-repeater__row-fields\"><div  class=\"jet-form-row\"><div class=\"jet-form-col jet-form-col-6  field-type-text  jet-form-field-container\" data-field=\"Name of animal\" data-conditional=\"false\"><div class=\"jet-form__label\">\n\t<span class=\"jet-form__label-text\" >Nom de l'animal<span class=\"jet-form__required\">*<\/span><\/span>\n\t<\/div><input class=\"jet-form__field text-field \" value=\"\" required=\"required\" name=\"repeter[__i__][Name of animal]\" id=\"repeter___i___Name of animal\" type=\"text\" data-field-name=\"Name of animal\"><\/div><div class=\"jet-form-col jet-form-col-3  field-type-number  jet-form-field-container\" data-field=\"Age of animal\" data-conditional=\"false\"><div class=\"jet-form__label\">\n\t<span class=\"jet-form__label-text\" >\u00c2ge de l'animal<span class=\"jet-form__required\">*<\/span><\/span>\n\t<\/div><input type=\"number\" class=\"jet-form__field text-field\" value=\"\" required=\"required\" step=\"1\" name=\"repeter[__i__][Age of animal]\" data-field-name=\"Age of animal\" id=\"repeter___i___Age of animal\"><\/div><div class=\"jet-form-col jet-form-col-3  field-type-select  jet-form-field-container\" data-field=\"Species of animale\" data-conditional=\"false\"><div class=\"jet-form__label\">\n\t<span class=\"jet-form__label-text\" >Esp\u00e8ce<span class=\"jet-form__required\">*<\/span><\/span>\n\t<\/div><select  required=\"required\" name=\"repeter[__i__][Species of animale]\" data-field-name=\"Species of animale\" id=\"repeter___i___Species of animale\" data-default-val=\"\" class=\"jet-form__field select-field\"><option value=\"Dog\" >Chien<\/option><option value=\"Cat\" >Chat<\/option><option value=\"Rabbit\" >Lapin<\/option><\/select><\/div><\/div><\/div><\/div><\/template><div class=\"jet-form-repeater__items\"><\/div><\/div><\/div><\/div><div  class=\"jet-form-row\"><div class=\"jet-form-col jet-form-col-12  field-type-select  jet-form-field-container\" data-field=\"type_of_visit\" data-conditional=\"false\"><div class=\"jet-form__label\">\n\t<span class=\"jet-form__label-text\" >Motif de consulatations<span class=\"jet-form__required\">*<\/span><\/span>\n\t<\/div><select  required=\"required\" name=\"type_of_visit\" data-field-name=\"type_of_visit\" id=\"type_of_visit\" data-default-val=\"\" class=\"jet-form__field select-field\"><option value=\"Vaccination\" >Vaccination<\/option><option value=\" Identification\" >Identification<\/option><option value=\"General consultation\" >Consultation g\u00e9n\u00e9rale<\/option><option value=\"Check up\" >Check up<\/option><option value=\"others\" >Autres<\/option><\/select><\/div><\/div><div  class=\"jet-form-row\"><div class=\"jet-form-col jet-form-col-12  field-type-textarea  jet-form-field-container\" data-field=\"Additional notes\" data-conditional=\"false\"><div class=\"jet-form__label\">\n\t<span class=\"jet-form__label-text\" >Remarques suppl\u00e9mentaires<\/span>\n\t<\/div><textarea class=\"jet-form__field textarea-field\" name=\"Additional notes\" data-field-name=\"Additional notes\" id=\"Additional notes\"><\/textarea><\/div><\/div><div  class=\"jet-form-row jet-form-row--submit\"><div class=\"jet-form-col jet-form-col-12  field-type-submit  jet-form-field-container\" data-field=\"Submit\" data-conditional=\"false\"><div class=\"jet-form__submit-wrap\">\n\t\t<button class=\"jet-form__submit submit-type-ajax\" type=\"button\">Confirmer<\/button>\n<\/div><\/div><\/div><\/div><input class=\"jet-form__field hidden-field\" type=\"hidden\" name=\"_jet_engine_nonce\" value=\"3cd51c119b\" data-field-name=\"_jet_engine_nonce\"><\/form><div class=\"jet-form-messages-wrap\" data-form-id=\"1917\"><\/div>\t\t\t\t<\/div>\n\t\t\t\t<\/div>\n\t\t\t\t\t<\/div>\n\t\t\t\t<\/div>\n\t\t\t\t\t<\/div>\n\t\t\t\t<\/div>\n\t\t\t\t<\/div>\n\t\t","protected":false},"excerpt":{"rendered":"<p>Choisissez la date et l&rsquo;heure Appointment details: Please, select the service first. Please, select the provider first. Please set service field for current calendar Sorry. You have the max number of appointments. Suivante Remplissez vos coordonn\u00e9es &larr;Retour Nom et pr\u00e9nom* E-mail* T\u00e9l\u00e9phone* Adresse* Nombre d&rsquo;animaux* Liste des animaux Nom de l&rsquo;animal* \u00c2ge de l&rsquo;animal* Esp\u00e8ce* [&hellip;]<\/p>\n","protected":false},"author":1,"featured_media":0,"parent":0,"menu_order":0,"comment_status":"closed","ping_status":"closed","template":"elementor_header_footer","meta":{"footnotes":""},"class_list":["post-1919","page","type-page","status-publish","hentry"],"jetpack_sharing_enabled":true,"_links":{"self":[{"href":"https:\/\/vetopet.be\/en\/wp-json\/wp\/v2\/pages\/1919","targetHints":{"allow":["GET"]}}],"collection":[{"href":"https:\/\/vetopet.be\/en\/wp-json\/wp\/v2\/pages"}],"about":[{"href":"https:\/\/vetopet.be\/en\/wp-json\/wp\/v2\/types\/page"}],"author":[{"embeddable":true,"href":"https:\/\/vetopet.be\/en\/wp-json\/wp\/v2\/users\/1"}],"replies":[{"embeddable":true,"href":"https:\/\/vetopet.be\/en\/wp-json\/wp\/v2\/comments?post=1919"}],"version-history":[{"count":131,"href":"https:\/\/vetopet.be\/en\/wp-json\/wp\/v2\/pages\/1919\/revisions"}],"predecessor-version":[{"id":2656,"href":"https:\/\/vetopet.be\/en\/wp-json\/wp\/v2\/pages\/1919\/revisions\/2656"}],"wp:attachment":[{"href":"https:\/\/vetopet.be\/en\/wp-json\/wp\/v2\/media?parent=1919"}],"curies":[{"name":"wp","href":"https:\/\/api.w.org\/{rel}","templated":true}]}}